{"id":209,"date":"2020-01-28T14:52:32","date_gmt":"2020-01-28T14:52:32","guid":{"rendered":"https:\/\/siby.se\/pegasus\/?page_id=209"},"modified":"2020-01-28T15:02:44","modified_gmt":"2020-01-28T15:02:44","slug":"externa-lankar","status":"publish","type":"page","link":"https:\/\/siby.se\/pegasus\/externa-lankar\/","title":{"rendered":"Andra bloggar"},"content":{"rendered":"\n<p>H\u00e4r samlar jag p\u00e5 bloggar fr\u00e5n v\u00e4nner som \u00e4r i liknande pyssel som jag.<\/p>\n\n\n\n<p><a href=\"https:\/\/www.devote.se\/RookieRacer\">https:\/\/www.devote.se\/RookieRacer<\/a><\/p>\n\n\n\n<p> <a rel=\"noreferrer noopener\" href=\"http:\/\/csr.strigard.se\/\" target=\"_blank\">csr.strigard.se<\/a> <\/p>\n\n\n\n<p><\/p>\n","protected":false},"excerpt":{"rendered":"<p>H\u00e4r samlar jag p\u00e5 bloggar fr\u00e5n v\u00e4nner som \u00e4r i liknande pyssel som jag. https:\/\/www.devote.se\/RookieRacer csr.strigard.se<\/p>\n","protected":false},"author":1,"featured_media":0,"parent":0,"menu_order":0,"comment_status":"closed","ping_status":"closed","template":"","meta":{"footnotes":""},"class_list":["post-209","page","type-page","status-publish","hentry"],"jetpack_sharing_enabled":true,"_links":{"self":[{"href":"https:\/\/siby.se\/pegasus\/wp-json\/wp\/v2\/pages\/209","targetHints":{"allow":["GET"]}}],"collection":[{"href":"https:\/\/siby.se\/pegasus\/wp-json\/wp\/v2\/pages"}],"about":[{"href":"https:\/\/siby.se\/pegasus\/wp-json\/wp\/v2\/types\/page"}],"author":[{"embeddable":true,"href":"https:\/\/siby.se\/pegasus\/wp-json\/wp\/v2\/users\/1"}],"replies":[{"embeddable":true,"href":"https:\/\/siby.se\/pegasus\/wp-json\/wp\/v2\/comments?post=209"}],"version-history":[{"count":3,"href":"https:\/\/siby.se\/pegasus\/wp-json\/wp\/v2\/pages\/209\/revisions"}],"predecessor-version":[{"id":221,"href":"https:\/\/siby.se\/pegasus\/wp-json\/wp\/v2\/pages\/209\/revisions\/221"}],"wp:attachment":[{"href":"https:\/\/siby.se\/pegasus\/wp-json\/wp\/v2\/media?parent=209"}],"curies":[{"name":"wp","href":"https:\/\/api.w.org\/{rel}","templated":true}]}}